{"id":14582,"date":"2020-09-30T16:35:41","date_gmt":"2020-09-30T14:35:41","guid":{"rendered":"https:\/\/www.galerie-pfundt.de\/aktuell\/000presselinks-2\/"},"modified":"2020-10-08T15:57:59","modified_gmt":"2020-10-08T13:57:59","slug":"presse_mueller","status":"publish","type":"page","link":"https:\/\/www.galerie-pfundt.de\/aktuell\/presse\/presse_mueller\/","title":{"rendered":"Heiko M\u00fcller &#8211; Presseerkl\u00e4rung"},"content":{"rendered":"<div class=\"flex_column av_two_third  flex_column_div av-zero-column-padding first  avia-builder-el-0  el_before_av_one_third  avia-builder-el-first  \" style='border-radius:0px; '><section class=\"av_textblock_section \"  itemscope=\"itemscope\" itemtype=\"https:\/\/schema.org\/CreativeWork\" ><div class='avia_textblock  '   itemprop=\"text\" ><h3><strong>Presseinformation <\/strong><\/h3>\n<h3><strong>vom 04.02.2016<\/strong><\/h3>\n<h3><strong>Galerie Pfundt, Berlin<\/strong><\/h3>\n<h3><strong>Knesebeckstra\u00dfe 89, 10623 Berlin (Savignyplatz)<\/strong><\/h3>\n<h3><strong>\u00a0<\/strong><\/h3>\n<h1><strong>uncurated by Heiko M\u00fcller <\/strong><\/h1>\n<p><strong>\u00a0<\/strong><strong>Ausstellung in der Galerie Pfundt | Berlin<\/strong><\/p>\n<p><strong>\u00a0<\/strong><\/p>\n<p>Wir freuen uns sehr, den renommierten Maler und Zeichner <strong>Heiko M\u00fcller<\/strong> erstmals in unserer Galerie begr\u00fc\u00dfen\u00a0zu k\u00f6nnen.<\/p>\n<p>Zur Er\u00f6ffnung der Ausstellung \u201e<strong>uncurated by<\/strong>\u201c wird der K\u00fcnstler am<\/p>\n<ol start=\"11\">\n<li><strong> Februar<\/strong> zwischen<strong> 18 und 21 Uhr\u00a0<\/strong>in der <strong>Galerie Pfundt <\/strong><\/li>\n<\/ol>\n<p><strong>(Knesebeckstr. 89, 10623 Berlin)<\/strong> anwesend sein.<\/p>\n<\/div><\/section><\/div>\n<div class=\"flex_column av_one_third  flex_column_div av-zero-column-padding   avia-builder-el-2  el_after_av_two_third  el_before_av_one_half  \" style='border-radius:0px; '><p><div  style='height:50px' class='hr hr-invisible   avia-builder-el-3  el_before_av_textblock  avia-builder-el-first '><span class='hr-inner ' ><span class='hr-inner-style'><\/span><\/span><\/div><br \/>\n<section class=\"av_textblock_section \"  itemscope=\"itemscope\" itemtype=\"https:\/\/schema.org\/CreativeWork\" ><div class='avia_textblock  '   itemprop=\"text\" ><p><a href=\"https:\/\/www.galerie-pfundt.de\/aktuell\/presse\/\">zur\u00fcck<\/a><\/p>\n<p><a href=\"https:\/\/www.galerie-pfundt.de\/aktuell\/\">home<\/a><\/p>\n<\/div><\/section><\/p><\/div><div class=\"flex_column av_one_half  flex_column_div av-zero-column-padding first  avia-builder-el-5  el_after_av_one_third  el_before_av_one_half  column-top-margin\" style='border-radius:0px; '><div  class='avia-image-container  av-styling-    avia-builder-el-6  avia-builder-el-no-sibling  avia-align-center '  itemprop=\"image\" itemscope=\"itemscope\" itemtype=\"https:\/\/schema.org\/ImageObject\"  ><div class='avia-image-container-inner'><div class='avia-image-overlay-wrap'><img decoding=\"async\" class='wp-image-14584 avia-img-lazy-loading-not-14584 avia_image' src=\"https:\/\/www.galerie-pfundt.de\/wp-content\/uploads\/2020\/09\/venetus-oculus-scaled.jpg\" alt='' title='venetus-oculus' height=\"2560\" width=\"2560\"  itemprop=\"thumbnailUrl\" srcset=\"https:\/\/www.galerie-pfundt.de\/wp-content\/uploads\/2020\/09\/venetus-oculus-scaled.jpg 2560w, https:\/\/www.galerie-pfundt.de\/wp-content\/uploads\/2020\/09\/venetus-oculus-scaled-600x600.jpg 600w, https:\/\/www.galerie-pfundt.de\/wp-content\/uploads\/2020\/09\/venetus-oculus-scaled-100x100.jpg 100w, https:\/\/www.galerie-pfundt.de\/wp-content\/uploads\/2020\/09\/venetus-oculus-400x400.jpg 400w, https:\/\/www.galerie-pfundt.de\/wp-content\/uploads\/2020\/09\/venetus-oculus-220x220.jpg 220w, https:\/\/www.galerie-pfundt.de\/wp-content\/uploads\/2020\/09\/venetus-oculus-768x768.jpg 768w, https:\/\/www.galerie-pfundt.de\/wp-content\/uploads\/2020\/09\/venetus-oculus-1536x1536.jpg 1536w, https:\/\/www.galerie-pfundt.de\/wp-content\/uploads\/2020\/09\/venetus-oculus-2048x2048.jpg 2048w, https:\/\/www.galerie-pfundt.de\/wp-content\/uploads\/2020\/09\/venetus-oculus-36x36.jpg 36w, https:\/\/www.galerie-pfundt.de\/wp-content\/uploads\/2020\/09\/venetus-oculus-180x180.jpg 180w, https:\/\/www.galerie-pfundt.de\/wp-content\/uploads\/2020\/09\/venetus-oculus-1500x1500.jpg 1500w, https:\/\/www.galerie-pfundt.de\/wp-content\/uploads\/2020\/09\/venetus-oculus-705x705.jpg 705w, https:\/\/www.galerie-pfundt.de\/wp-content\/uploads\/2020\/09\/venetus-oculus-scaled-300x300.jpg 300w\" sizes=\"(max-width: 2560px) 100vw, 2560px\" \/><\/div><\/div><\/div><\/div><\/p>\n<div class=\"flex_column av_one_half  flex_column_div av-zero-column-padding   avia-builder-el-7  el_after_av_one_half  avia-builder-el-last  column-top-margin\" style='border-radius:0px; '><section class=\"av_textblock_section \"  itemscope=\"itemscope\" itemtype=\"https:\/\/schema.org\/CreativeWork\" ><div class='avia_textblock  '   itemprop=\"text\" ><p>&#8222;Wundervoll, phantasiereich und immer auch leicht psychedelisch&#8220; &#8211;\u00a0so beschreibt\u00a0J\u00f6rg Heikhaus auf Zeit-Online die Werke von Heiko M\u00fcller.<\/p>\n<p>Heiko M\u00fcller, Jahrgang 1968, Studium an der HAW-Hamburg.<\/p>\n<p>Als Kind begegnete Heiko M\u00fcller in den damals beliebten Kosmos-B\u00fcchern, die reich von hervorragenden Illustratoren bebildert wurden. Besonders ein tschechischer K\u00fcnstler beeindruckte M\u00fcller nachhaltig,<\/p>\n<p>Dieser K\u00fcnstler l\u00e4sst sich nicht einordnen. Realismus, Surrealismus, Expressionismus, Impressionismus &#8211; in den klein-und mittelformatigen Bildern verdichten sich \u00fcberall Spuren dieser Kunstrichtungen zu\u00a0prallen Bildern.\u00a0Die Anst\u00f6sse zu den Bildmotiven sind vielf\u00e4ltig und bed\u00fcrfen eines genauen Hinsehens -Comics,\u00a0Filme von Bu\u00f1uel, Hitchcock, Fritz Lang, Novellen von \u00a0Gabriel Garc\u00eda\u00a0M\u00e1rquez oder\u00a0Haruki\u00a0Marukami,\u00a0Heavy Metal\u00a0und immer wieder hintergr\u00fcndige Ansichten der Natur. Er sagt:\u00a0\u201eIch male nur das, was ich liebe&#8220;.<\/p>\n<p>Gerne ordnet man den K\u00fcnstler der Lowbrow-Szene zu, die besonders in den USA\u00a0etabliert ist. Dort ist M\u00fcller\u00a0\u00fcberaus\u00a0erfolgreich und in vielen prominenten Galerien vertreten.<\/p>\n<p>Der K\u00fcnstler\u00a0selbst spricht lieber von einem \u201aassoziativen Realismus\u2018.<\/p>\n<p>Lassen Sie sich \u00fcberraschen von der Tiefe, dem Witz\u00a0und der geheimnisvollen Lebendigkeit der Bilder.<\/p>\n<p>Mi &#8211; Fr 13 &#8211; 18 Uhr \/ Sa 10 \u2013 16 Uhr<\/p>\n<p>030 \u2013 327 66 500 \/ info@Galerie-Pfundt.de<\/p>\n<\/div><\/section><\/div>\n","protected":false},"excerpt":{"rendered":"","protected":false},"author":2,"featured_media":0,"parent":14577,"menu_order":0,"comment_status":"closed","ping_status":"closed","template":"","meta":{"footnotes":""},"class_list":["post-14582","page","type-page","status-publish","hentry"],"_links":{"self":[{"href":"https:\/\/www.galerie-pfundt.de\/aktuell\/wp-json\/wp\/v2\/pages\/14582","targetHints":{"allow":["GET"]}}],"collection":[{"href":"https:\/\/www.galerie-pfundt.de\/aktuell\/wp-json\/wp\/v2\/pages"}],"about":[{"href":"https:\/\/www.galerie-pfundt.de\/aktuell\/wp-json\/wp\/v2\/types\/page"}],"author":[{"embeddable":true,"href":"https:\/\/www.galerie-pfundt.de\/aktuell\/wp-json\/wp\/v2\/users\/2"}],"replies":[{"embeddable":true,"href":"https:\/\/www.galerie-pfundt.de\/aktuell\/wp-json\/wp\/v2\/comments?post=14582"}],"version-history":[{"count":0,"href":"https:\/\/www.galerie-pfundt.de\/aktuell\/wp-json\/wp\/v2\/pages\/14582\/revisions"}],"up":[{"embeddable":true,"href":"https:\/\/www.galerie-pfundt.de\/aktuell\/wp-json\/wp\/v2\/pages\/14577"}],"wp:attachment":[{"href":"https:\/\/www.galerie-pfundt.de\/aktuell\/wp-json\/wp\/v2\/media?parent=14582"}],"curies":[{"name":"wp","href":"https:\/\/api.w.org\/{rel}","templated":true}]}}