{"id":14763,"date":"2020-10-07T17:38:26","date_gmt":"2020-10-07T15:38:26","guid":{"rendered":"https:\/\/www.galerie-pfundt.de\/aktuell\/presse_levesque-2\/"},"modified":"2020-10-08T15:53:14","modified_gmt":"2020-10-08T13:53:14","slug":"presse_hand-2","status":"publish","type":"page","link":"https:\/\/www.galerie-pfundt.de\/aktuell\/presse\/presse_hand-2\/","title":{"rendered":"Uwe Hand &#8211; Presseerkl\u00e4rung"},"content":{"rendered":"<div class=\"flex_column av_two_third  flex_column_div av-zero-column-padding first  avia-builder-el-0  el_before_av_one_third  avia-builder-el-first  \" style='border-radius:0px; '><section class=\"av_textblock_section \"  itemscope=\"itemscope\" itemtype=\"https:\/\/schema.org\/CreativeWork\" ><div class='avia_textblock  '   itemprop=\"text\" ><h3>Presse-Erkl\u00e4rung zur Ausstellung<\/h3>\n<h3><strong>Wish you were here<\/strong><\/h3>\n<h3><strong>Uwe Hand @ Galerie Pfundt, Berlin<\/strong><\/h3>\n<p>24.5. \u2013 22.6.2019<\/p>\n<p>Uwe Hand, geboren 1952 in Schleswig Holstein, just emeritiert, war einer der wenigen Dozenten f\u00fcr Maltechnik in Deutschland. Hunderten Studenten hat er das wichtige Werkzeug zur richtigen Verwendung der Kunstmaterialien vermittelt.<\/p>\n<p>Kein Gespr\u00e4ch in seinem Atelier in der Universit\u00e4t der K\u00fcnste Berlin konnte ohne mehrere Unterbrechungen gef\u00fchrt werden, st\u00e4ndig klingelte sein ber\u00fchmtes, mit rotem Pl\u00fcschfell \u00fcberzogenes Telefon. Am anderen Ende verzweifelte Kunststudenten, denen die Farbe von der Leinwand lief, deren Bilder durchn\u00e4sst gro\u00dfe Wellen warfen, Materialien, die von der Leinwand rieselten. Dazu vermerkt Uwe Hand: \u201e Immer wieder gibt es schwarze Leinw\u00e4nde und wei\u00dfe Leinw\u00e4nde und dazwischen spielt sich eben die Malerei ab.\u201c<\/p>\n<p>Die Arbeiten des K\u00fcnstlers kreisen konsequent um die Motive Landschaft, Haus, Wasser und Figuren. Auf meist gro\u00dfen Leinw\u00e4nden entstehen in einem \u00e4u\u00dferst langwierigen Verfahren Landschaften, gestaffelt in Vordergr\u00fcnde aus eher nackter floraler Beschaffenheit, in der Bildmitte wird das Hauptmotiv platziert und im Hintergrund erheben sich oft h\u00fcgelige Landschaften, die dem Bild einen sicheren Rahmen geben. In seiner Gesamtheit wirken die einzelnen Bilder zun\u00e4chst phantastisch, beeindrucken mit ihren besonderen Lichtquellen und der enormen Strahlkraft der Farben. Aber bei l\u00e4ngerer Betrachtung stellt sich eine Unbehaglichkeit ein, so ist die Herkunft eines Lichtkegels meist nicht rational zu erkl\u00e4ren und die auffallende Symmetrie innerhalb der gesamten Komposition verlangt nach einer Befragung.<\/p>\n<p>Als Vorbilder nennt Uwe Hand die Regisseure David Lynch, Tarkowski und Hitchcock, deren filmische Vorgehensweisen er malerisch umsetzt. Die tr\u00fcgerische Intensit\u00e4t fordert zur Interpretation heraus; die zeitlich weit gedehnten Spannungen stehen wie ein Filmstill den Gef\u00fchlen lange zur Verf\u00fcgung. Aber hier wird keine pr\u00e4zise Geschichte erz\u00e4hlt. Es passiert eigentlich nichts im Bild, doch beim Betrachter beginnen die Irritationen zu wirken. Sie gleichen einem d\u00e4mmernden Tagtraum, der unsere Seelenwelten auslotet.<\/p>\n<\/div><\/section><\/div>\n<div class=\"flex_column av_one_third  flex_column_div av-zero-column-padding   avia-builder-el-2  el_after_av_two_third  avia-builder-el-last  \" style='border-radius:0px; '><p><div  style='height:50px' class='hr hr-invisible   avia-builder-el-3  el_before_av_textblock  avia-builder-el-first '><span class='hr-inner ' ><span class='hr-inner-style'><\/span><\/span><\/div><br \/>\n<section class=\"av_textblock_section \"  itemscope=\"itemscope\" itemtype=\"https:\/\/schema.org\/CreativeWork\" ><div class='avia_textblock  '   itemprop=\"text\" ><p><a href=\"https:\/\/www.galerie-pfundt.de\/aktuell\/presse\/presse_hand\/\">Ausstellungsbesprechung v. 23.05.19\u00a0<\/a><\/p>\n<p><a href=\"https:\/\/www.galerie-pfundt.de\/aktuell\/presse\/\">zur\u00fcck<\/a><\/p>\n<p><a href=\"https:\/\/www.galerie-pfundt.de\/aktuell\/\">home<\/a><\/p>\n<\/div><\/section><br \/>\n<div  class='avia-image-container  av-styling-    avia-builder-el-5  el_after_av_textblock  avia-builder-el-last  avia-align-center '  itemprop=\"image\" itemscope=\"itemscope\" itemtype=\"https:\/\/schema.org\/ImageObject\"  ><div class='avia-image-container-inner'><div class='avia-image-overlay-wrap'><a href='https:\/\/www.galerie-pfundt.de\/aktuell\/kuenstler\/kern\/' class='avia_image'  ><img decoding=\"async\" class='wp-image-0 avia-img-lazy-loading-not-0 avia_image' src=\"https:\/\/www.galerie-pfundt.de\/wp-content\/uploads\/2019\/04\/Hand-When_Sun_SetsLychen_2019_100x120_14000.jpg\" alt='' title=''  itemprop=\"thumbnailUrl\"  \/><\/a><\/div><\/div><\/div><\/p><\/div>\n","protected":false},"excerpt":{"rendered":"","protected":false},"author":2,"featured_media":0,"parent":14577,"menu_order":0,"comment_status":"closed","ping_status":"closed","template":"","meta":{"footnotes":""},"class_list":["post-14763","page","type-page","status-publish","hentry"],"_links":{"self":[{"href":"https:\/\/www.galerie-pfundt.de\/aktuell\/wp-json\/wp\/v2\/pages\/14763","targetHints":{"allow":["GET"]}}],"collection":[{"href":"https:\/\/www.galerie-pfundt.de\/aktuell\/wp-json\/wp\/v2\/pages"}],"about":[{"href":"https:\/\/www.galerie-pfundt.de\/aktuell\/wp-json\/wp\/v2\/types\/page"}],"author":[{"embeddable":true,"href":"https:\/\/www.galerie-pfundt.de\/aktuell\/wp-json\/wp\/v2\/users\/2"}],"replies":[{"embeddable":true,"href":"https:\/\/www.galerie-pfundt.de\/aktuell\/wp-json\/wp\/v2\/comments?post=14763"}],"version-history":[{"count":0,"href":"https:\/\/www.galerie-pfundt.de\/aktuell\/wp-json\/wp\/v2\/pages\/14763\/revisions"}],"up":[{"embeddable":true,"href":"https:\/\/www.galerie-pfundt.de\/aktuell\/wp-json\/wp\/v2\/pages\/14577"}],"wp:attachment":[{"href":"https:\/\/www.galerie-pfundt.de\/aktuell\/wp-json\/wp\/v2\/media?parent=14763"}],"curies":[{"name":"wp","href":"https:\/\/api.w.org\/{rel}","templated":true}]}}