{"id":19440,"date":"2021-08-26T17:33:58","date_gmt":"2021-08-26T15:33:58","guid":{"rendered":"https:\/\/www.galerie-pfundt.de\/aktuell\/kuenstler\/moenikes\/ausstellungsansicht-2-6\/"},"modified":"2021-08-26T17:56:27","modified_gmt":"2021-08-26T15:56:27","slug":"turner-mit-goldener-kugel","status":"publish","type":"page","link":"https:\/\/www.galerie-pfundt.de\/aktuell\/kuenstler\/moenikes\/turner-mit-goldener-kugel\/","title":{"rendered":"Turner mit goldener Kugel"},"content":{"rendered":"<div class=\"flex_column av_one_half  flex_column_div av-zero-column-padding first  avia-builder-el-0  el_before_av_one_fourth  avia-builder-el-first  \" style='border-radius:0px; '><p><div  class='avia-image-container  av-styling-    avia-builder-el-1  el_before_av_textblock  avia-builder-el-first  avia-align-center '  itemprop=\"image\" itemscope=\"itemscope\" itemtype=\"https:\/\/schema.org\/ImageObject\"  ><div class='avia-image-container-inner'><div class='avia-image-overlay-wrap'><a href='https:\/\/www.galerie-pfundt.de\/aktuell\/kuenstler\/moenikes\/turner-mit-goldener-kugel\/' class='avia_image'  ><img decoding=\"async\" width=\"2560\" height=\"1920\" class='wp-image-19453 avia-img-lazy-loading-not-19453 avia_image' src=\"https:\/\/www.galerie-pfundt.de\/wp-content\/uploads\/2021\/08\/BM-10-c-250-cm-4.000-Kopie-scaled.jpg\" alt='' title='OLYMPUS DIGITAL CAMERA'  itemprop=\"thumbnailUrl\" srcset=\"https:\/\/www.galerie-pfundt.de\/wp-content\/uploads\/2021\/08\/BM-10-c-250-cm-4.000-Kopie-scaled.jpg 2560w, https:\/\/www.galerie-pfundt.de\/wp-content\/uploads\/2021\/08\/BM-10-c-250-cm-4.000-Kopie-scaled-600x450.jpg 600w, https:\/\/www.galerie-pfundt.de\/wp-content\/uploads\/2021\/08\/BM-10-c-250-cm-4.000-Kopie-400x300.jpg 400w, https:\/\/www.galerie-pfundt.de\/wp-content\/uploads\/2021\/08\/BM-10-c-250-cm-4.000-Kopie-1030x773.jpg 1030w, https:\/\/www.galerie-pfundt.de\/wp-content\/uploads\/2021\/08\/BM-10-c-250-cm-4.000-Kopie-768x576.jpg 768w, https:\/\/www.galerie-pfundt.de\/wp-content\/uploads\/2021\/08\/BM-10-c-250-cm-4.000-Kopie-1536x1152.jpg 1536w, https:\/\/www.galerie-pfundt.de\/wp-content\/uploads\/2021\/08\/BM-10-c-250-cm-4.000-Kopie-2048x1536.jpg 2048w, https:\/\/www.galerie-pfundt.de\/wp-content\/uploads\/2021\/08\/BM-10-c-250-cm-4.000-Kopie-1500x1125.jpg 1500w, https:\/\/www.galerie-pfundt.de\/wp-content\/uploads\/2021\/08\/BM-10-c-250-cm-4.000-Kopie-705x529.jpg 705w\" sizes=\"(max-width: 2560px) 100vw, 2560px\" \/><\/a><\/div><\/div><\/div><br \/>\n<section class=\"av_textblock_section \"  itemscope=\"itemscope\" itemtype=\"https:\/\/schema.org\/CreativeWork\" ><div class='avia_textblock  '   itemprop=\"text\" ><h1><span style=\"color: #ffffff;\">.<\/span><\/h1>\n<h3><a href=\"https:\/\/www.galerie-pfundt.de\/kuenstler\/moenikes\/\">Bernd Moenikes<\/a><\/h3>\n<h2>Turner mit goldener Kugel<\/h2>\n<\/div><\/section><br \/>\n<section class=\"av_textblock_section \"  itemscope=\"itemscope\" itemtype=\"https:\/\/schema.org\/CreativeWork\" ><div class='avia_textblock  '   itemprop=\"text\" ><p>aus Eichenholz, in\u00a0 verschiedenen Gr\u00f6\u00dfen erh\u00e4ltlich<\/p>\n<\/div><\/section><\/p><\/div><div class=\"flex_column av_one_fourth  flex_column_div av-zero-column-padding   avia-builder-el-4  el_after_av_one_half  avia-builder-el-last  \" style='border-radius:0px; '><p><form action=\"https:\/\/www.galerie-pfundt.de\/aktuell\/kuenstler\/moenikes\/turner-mit-goldener-kugel\/\" method=\"post\"  class=\"avia_ajax_form av-form-labels-hidden   avia-builder-el-5  el_before_av_textblock  avia-builder-el-first  av-custom-form-color av-dark-form \" data-avia-form-id=\"1\" data-avia-redirect='' ><h3 class=''>Anfrage<\/h3><fieldset><p class='  first_form  form_element form_fullwidth' id='element_avia_1_1'><label for=\"avia_1_1\">Name<\/label> <input name=\"avia_1_1\" class=\"text_input \" type=\"text\" id=\"avia_1_1\" value=\"\"  placeholder='Name'\/><\/p><p class='  first_form  form_element form_fullwidth' id='element_avia_2_1'><label for=\"avia_2_1\">E-Mail <abbr class=\"required\" title=\"ben\u00f6tigt\">*<\/abbr><\/label> <input name=\"avia_2_1\" class=\"text_input is_email\" type=\"text\" id=\"avia_2_1\" value=\"\"  placeholder='E-Mail*'\/><\/p><p class='  first_form  form_element form_fullwidth' id='element_avia_3_1'><label for=\"avia_3_1\">Telefon<\/label> <input name=\"avia_3_1\" class=\"text_input \" type=\"text\" id=\"avia_3_1\" value=\"\"  placeholder='Telefon'\/><\/p><div id='avia_4_1' class='av-form-text'><p>\nIch bitte um&#8230;<\/p>\n<\/div><p class=' first_form  form_element form_fullwidth' id='element_avia_5_1'>    <input  name=\"avia_5_1\" class=\"input_checkbox \" type=\"checkbox\" id=\"avia_5_1\" value=\"true\"\/><label class=\"input_checkbox_label\" for=\"avia_5_1\">Preisauskunft<\/label><\/p><p class=' first_form  form_element form_fullwidth' id='element_avia_6_1'>    <input  name=\"avia_6_1\" class=\"input_checkbox \" type=\"checkbox\" id=\"avia_6_1\" value=\"true\"\/><label class=\"input_checkbox_label\" for=\"avia_6_1\">Anruf<\/label><\/p><p class=' first_form  form_element form_fullwidth' id='element_avia_7_1'>    <input  name=\"avia_7_1\" class=\"input_checkbox \" type=\"checkbox\" id=\"avia_7_1\" value=\"true\"\/><label class=\"input_checkbox_label\" for=\"avia_7_1\">Anmeldung f\u00fcr den Newsletter<\/label><\/p><p class=\"hidden\"><input type=\"text\" name=\"avia_8_1\" class=\"hidden \" id=\"avia_8_1\" value=\"\" \/><\/p><p class='av_form_privacy_check av_contact_privacy_check first_form  form_element form_fullwidth' id='element_avia_9_1'>    <input  name=\"avia_9_1\" class=\"input_checkbox is_empty\" type=\"checkbox\" id=\"avia_9_1\" value=\"true\"\/><label class=\"input_checkbox_label\" for=\"avia_9_1\">Ich habe die <a href=\"https:\/\/www.galerie-pfundt.de\/kontakt\/impressum\/\" target=\"_blank\" rel=\"noopener\">Datenschutzerkl\u00e4rung<\/a> gelesen und stimme dem Versand zu. <abbr class=\"required\" title=\"ben\u00f6tigt\">*<\/abbr><\/label><\/p><p class=\"form_element \"><input type=\"hidden\" value=\"1\" name=\"avia_generated_form1\" \/><input type=\"submit\" value=\"Senden\" class=\"button\"  data-sending-label=\"Sende\"\/><\/p><\/fieldset><\/form><div id=\"ajaxresponse_1\" class=\"ajaxresponse ajaxresponse_1 hidden\"><\/div><br \/>\n<section class=\"av_textblock_section \"  itemscope=\"itemscope\" itemtype=\"https:\/\/schema.org\/CreativeWork\" ><div class='avia_textblock  '   itemprop=\"text\" ><p><span style=\"color: #ffffff;\">.<\/span><\/p>\n<p><span style=\"color: #ffffff;\">.<\/span><\/p>\n<p><a href=\"https:\/\/www.galerie-pfundt.de\/kuenstler\/moenikes\/\">zur\u00fcck zur K\u00fcnstlerseite<\/a><\/p>\n<\/div><\/section><\/p><\/div><\/p>\n","protected":false},"excerpt":{"rendered":"","protected":false},"author":2,"featured_media":0,"parent":5670,"menu_order":0,"comment_status":"closed","ping_status":"closed","template":"","meta":{"footnotes":""},"class_list":["post-19440","page","type-page","status-publish","hentry"],"_links":{"self":[{"href":"https:\/\/www.galerie-pfundt.de\/aktuell\/wp-json\/wp\/v2\/pages\/19440","targetHints":{"allow":["GET"]}}],"collection":[{"href":"https:\/\/www.galerie-pfundt.de\/aktuell\/wp-json\/wp\/v2\/pages"}],"about":[{"href":"https:\/\/www.galerie-pfundt.de\/aktuell\/wp-json\/wp\/v2\/types\/page"}],"author":[{"embeddable":true,"href":"https:\/\/www.galerie-pfundt.de\/aktuell\/wp-json\/wp\/v2\/users\/2"}],"replies":[{"embeddable":true,"href":"https:\/\/www.galerie-pfundt.de\/aktuell\/wp-json\/wp\/v2\/comments?post=19440"}],"version-history":[{"count":0,"href":"https:\/\/www.galerie-pfundt.de\/aktuell\/wp-json\/wp\/v2\/pages\/19440\/revisions"}],"up":[{"embeddable":true,"href":"https:\/\/www.galerie-pfundt.de\/aktuell\/wp-json\/wp\/v2\/pages\/5670"}],"wp:attachment":[{"href":"https:\/\/www.galerie-pfundt.de\/aktuell\/wp-json\/wp\/v2\/media?parent=19440"}],"curies":[{"name":"wp","href":"https:\/\/api.w.org\/{rel}","templated":true}]}}