{"id":8020,"date":"2019-10-19T12:28:36","date_gmt":"2019-10-19T10:28:36","guid":{"rendered":"https:\/\/www.galerie-pfundt.de\/kuenstler\/withoos-2-2\/butterfly\/"},"modified":"2020-08-14T15:44:12","modified_gmt":"2020-08-14T13:44:12","slug":"butterfly","status":"publish","type":"page","link":"https:\/\/www.galerie-pfundt.de\/aktuell\/kuenstler\/withoos\/butterfly\/","title":{"rendered":"Still Life with Butterfly"},"content":{"rendered":"<div class=\"flex_column av_three_fifth  flex_column_div av-zero-column-padding first  avia-builder-el-0  el_before_av_one_fourth  avia-builder-el-first  \" style='border-radius:0px; '><p><div  class='avia-image-container  av-styling-    avia-builder-el-1  el_before_av_textblock  avia-builder-el-first  avia-align-center '  itemprop=\"image\" itemscope=\"itemscope\" itemtype=\"https:\/\/schema.org\/ImageObject\"  ><div class='avia-image-container-inner'><div class='avia-image-overlay-wrap'><img decoding=\"async\" class='wp-image-8003 avia-img-lazy-loading-not-8003 avia_image' src=\"https:\/\/www.galerie-pfundt.de\/wp-content\/uploads\/2019\/10\/withoos-67x100_stillife_with_butterfly_na_marcel_a_klaar.jpg\" alt='' title='withoos-67x100_stillife_with_butterfly_na_marcel_a_klaar' height=\"2000\" width=\"1335\"  itemprop=\"thumbnailUrl\" srcset=\"https:\/\/www.galerie-pfundt.de\/wp-content\/uploads\/2019\/10\/withoos-67x100_stillife_with_butterfly_na_marcel_a_klaar.jpg 1335w, https:\/\/www.galerie-pfundt.de\/wp-content\/uploads\/2019\/10\/withoos-67x100_stillife_with_butterfly_na_marcel_a_klaar-600x899.jpg 600w, https:\/\/www.galerie-pfundt.de\/wp-content\/uploads\/2019\/10\/withoos-67x100_stillife_with_butterfly_na_marcel_a_klaar-267x400.jpg 267w, https:\/\/www.galerie-pfundt.de\/wp-content\/uploads\/2019\/10\/withoos-67x100_stillife_with_butterfly_na_marcel_a_klaar-768x1151.jpg 768w, https:\/\/www.galerie-pfundt.de\/wp-content\/uploads\/2019\/10\/withoos-67x100_stillife_with_butterfly_na_marcel_a_klaar-688x1030.jpg 688w, https:\/\/www.galerie-pfundt.de\/wp-content\/uploads\/2019\/10\/withoos-67x100_stillife_with_butterfly_na_marcel_a_klaar-1001x1500.jpg 1001w, https:\/\/www.galerie-pfundt.de\/wp-content\/uploads\/2019\/10\/withoos-67x100_stillife_with_butterfly_na_marcel_a_klaar-471x705.jpg 471w\" sizes=\"(max-width: 1335px) 100vw, 1335px\" \/><\/div><\/div><\/div><br \/>\n<section class=\"av_textblock_section \"  itemscope=\"itemscope\" itemtype=\"https:\/\/schema.org\/CreativeWork\" ><div class='avia_textblock  '   itemprop=\"text\" ><h1><span style=\"color: #ffffff;\">.<\/span><\/h1>\n<h3><a href=\"https:\/\/www.galerie-pfundt.de\/kuenstler\/withoos\/\">Hans Withoos<\/a><\/h3>\n<h2>Still Life with Butterfly, \u00a0 \u00a02016<\/h2>\n<\/div><\/section><br \/>\n<section class=\"av_textblock_section \"  itemscope=\"itemscope\" itemtype=\"https:\/\/schema.org\/CreativeWork\" ><div class='avia_textblock  '   itemprop=\"text\" ><p>Certified Liquid Gloss<\/p>\n<h6>aktuell in der Galerie verf\u00fcgbar: 100 x 67 cm (Auflage 9) <br class=\"avia-permanent-lb\" \/><br class=\"avia-permanent-lb\" \/><\/h6>\n<h6>\u20ac 4.400,-<\/h6>\n<p>In anderen Gr\u00f6\u00dfen erh\u00e4ltlich<\/p>\n<h4><\/h4>\n<\/div><\/section><\/p><\/div><div class=\"flex_column av_one_fourth  flex_column_div av-zero-column-padding   avia-builder-el-4  el_after_av_three_fifth  avia-builder-el-last  \" style='border-radius:0px; '><p><form action=\"https:\/\/www.galerie-pfundt.de\/aktuell\/kuenstler\/withoos\/butterfly\/\" method=\"post\"  class=\"avia_ajax_form av-form-labels-hidden   avia-builder-el-5  el_before_av_textblock  avia-builder-el-first  av-custom-form-color av-dark-form \" data-avia-form-id=\"1\" data-avia-redirect='' ><h3 class=''>Anfrage<\/h3><fieldset><p class='  first_form  form_element form_fullwidth' id='element_avia_1_1'><label for=\"avia_1_1\">Name<\/label> <input name=\"avia_1_1\" class=\"text_input \" type=\"text\" id=\"avia_1_1\" value=\"\"  placeholder='Name'\/><\/p><p class='  first_form  form_element form_fullwidth' id='element_avia_2_1'><label for=\"avia_2_1\">E-Mail <abbr class=\"required\" title=\"ben\u00f6tigt\">*<\/abbr><\/label> <input name=\"avia_2_1\" class=\"text_input is_email\" type=\"text\" id=\"avia_2_1\" value=\"\"  placeholder='E-Mail*'\/><\/p><p class='  first_form  form_element form_fullwidth' id='element_avia_3_1'><label for=\"avia_3_1\">Telefon<\/label> <input name=\"avia_3_1\" class=\"text_input \" type=\"text\" id=\"avia_3_1\" value=\"\"  placeholder='Telefon'\/><\/p><div id='avia_4_1' class='av-form-text'><p>\nIch bitte um&#8230;<\/p>\n<\/div><p class=' first_form  form_element form_fullwidth' id='element_avia_5_1'>    <input  name=\"avia_5_1\" class=\"input_checkbox \" type=\"checkbox\" id=\"avia_5_1\" value=\"true\"\/><label class=\"input_checkbox_label\" for=\"avia_5_1\">Preisauskunft<\/label><\/p><p class=' first_form  form_element form_fullwidth' id='element_avia_6_1'>    <input  name=\"avia_6_1\" class=\"input_checkbox \" type=\"checkbox\" id=\"avia_6_1\" value=\"true\"\/><label class=\"input_checkbox_label\" for=\"avia_6_1\">Anruf<\/label><\/p><p class=' first_form  form_element form_fullwidth' id='element_avia_7_1'>    <input  name=\"avia_7_1\" class=\"input_checkbox \" type=\"checkbox\" id=\"avia_7_1\" value=\"true\"\/><label class=\"input_checkbox_label\" for=\"avia_7_1\">Anmeldung f\u00fcr den Newsletter<\/label><\/p><p class=\"hidden\"><input type=\"text\" name=\"avia_8_1\" class=\"hidden \" id=\"avia_8_1\" value=\"\" \/><\/p><p class='av_form_privacy_check av_contact_privacy_check first_form  form_element form_fullwidth' id='element_avia_9_1'>    <input  name=\"avia_9_1\" class=\"input_checkbox is_empty\" type=\"checkbox\" id=\"avia_9_1\" value=\"true\"\/><label class=\"input_checkbox_label\" for=\"avia_9_1\">Ich habe die <a href=\"https:\/\/www.galerie-pfundt.de\/kontakt\/impressum\/\" target=\"_blank\" rel=\"noopener\">Datenschutzerkl\u00e4rung<\/a> gelesen und stimme dem Versand zu. <abbr class=\"required\" title=\"ben\u00f6tigt\">*<\/abbr><\/label><\/p><p class=\"form_element \"><input type=\"hidden\" value=\"1\" name=\"avia_generated_form1\" \/><input type=\"submit\" value=\"Senden\" class=\"button\"  data-sending-label=\"Sende\"\/><\/p><\/fieldset><\/form><div id=\"ajaxresponse_1\" class=\"ajaxresponse ajaxresponse_1 hidden\"><\/div><br \/>\n<section class=\"av_textblock_section \"  itemscope=\"itemscope\" itemtype=\"https:\/\/schema.org\/CreativeWork\" ><div class='avia_textblock  '   itemprop=\"text\" ><p><span style=\"color: #ffffff;\">.<\/span><\/p>\n<p><span style=\"color: #ffffff;\">.<\/span><\/p>\n<p><a href=\"https:\/\/www.galerie-pfundt.de\/kuenstler\/withoos\/\">zur\u00fcck zur K\u00fcnstlerseite<\/a><\/p>\n<\/div><\/section><\/p><\/div><\/p>\n","protected":false},"excerpt":{"rendered":"","protected":false},"author":2,"featured_media":0,"parent":8019,"menu_order":0,"comment_status":"closed","ping_status":"closed","template":"","meta":{"footnotes":""},"class_list":["post-8020","page","type-page","status-publish","hentry"],"_links":{"self":[{"href":"https:\/\/www.galerie-pfundt.de\/aktuell\/wp-json\/wp\/v2\/pages\/8020","targetHints":{"allow":["GET"]}}],"collection":[{"href":"https:\/\/www.galerie-pfundt.de\/aktuell\/wp-json\/wp\/v2\/pages"}],"about":[{"href":"https:\/\/www.galerie-pfundt.de\/aktuell\/wp-json\/wp\/v2\/types\/page"}],"author":[{"embeddable":true,"href":"https:\/\/www.galerie-pfundt.de\/aktuell\/wp-json\/wp\/v2\/users\/2"}],"replies":[{"embeddable":true,"href":"https:\/\/www.galerie-pfundt.de\/aktuell\/wp-json\/wp\/v2\/comments?post=8020"}],"version-history":[{"count":0,"href":"https:\/\/www.galerie-pfundt.de\/aktuell\/wp-json\/wp\/v2\/pages\/8020\/revisions"}],"up":[{"embeddable":true,"href":"https:\/\/www.galerie-pfundt.de\/aktuell\/wp-json\/wp\/v2\/pages\/8019"}],"wp:attachment":[{"href":"https:\/\/www.galerie-pfundt.de\/aktuell\/wp-json\/wp\/v2\/media?parent=8020"}],"curies":[{"name":"wp","href":"https:\/\/api.w.org\/{rel}","templated":true}]}}